{"id":5378,"date":"2024-11-06T10:18:46","date_gmt":"2024-11-06T10:18:46","guid":{"rendered":"https:\/\/moeller-wedel-optical.com\/downloads\/"},"modified":"2026-04-13T12:11:47","modified_gmt":"2026-04-13T12:11:47","slug":"downloads","status":"publish","type":"page","link":"https:\/\/moeller-wedel-optical.com\/en\/downloads\/","title":{"rendered":"Downloads"},"content":{"rendered":"<p>[et_pb_section fb_built=&#8221;1&#8243; _builder_version=&#8221;4.27.2&#8243; _module_preset=&#8221;default&#8221; global_colors_info=&#8221;{}&#8221;][et_pb_row _builder_version=&#8221;4.27.2&#8243; _module_preset=&#8221;default&#8221; global_colors_info=&#8221;{}&#8221;][et_pb_column type=&#8221;4_4&#8243; _builder_version=&#8221;4.27.2&#8243; _module_preset=&#8221;default&#8221; global_colors_info=&#8221;{}&#8221;][sm_header_image variant=&#8221;small&#8221; image=&#8221;https:\/\/moeller-wedel-optical.com\/wp-content\/uploads\/Broschueren-Titel-.jpg&#8221; title=&#8221;Brochures and data sheets&#8221; text=&#8221;Download area&#8221; offset_bottom=&#8221;sm&#8221; _builder_version=&#8221;4.27.3&#8243; _module_preset=&#8221;default&#8221; global_colors_info=&#8221;{}&#8221;][\/sm_header_image][sm_text offset_bottom=&#8221;xs&#8221; _builder_version=&#8221;4.27.5&#8243; _module_preset=&#8221;default&#8221; global_colors_info=&#8221;{}&#8221;]<\/p>\n<p>Here you can download our current product brochures, data sheets and product videos. If you are missing any content, please contact us<\/p>\n<blockquote>\n<p>by Phone: +49 (0)4103-93776-10<\/p>\n<p>by E-Mail: <u><a href=\"mailto:y.mueller@moeller-wedel-optical.com\">info@moeller-wedel-optical.com<\/a><\/u><\/p>\n<\/blockquote>\n<p>[\/sm_text][sm_downloads_parent _builder_version=&#8221;4.27.5&#8243; _module_preset=&#8221;default&#8221; hover_enabled=&#8221;0&#8243; global_colors_info=&#8221;{}&#8221; sticky_enabled=&#8221;0&#8243;][sm_downloads_child download_file=&#8221;https:\/\/moeller-wedel-optical.com\/wp-content\/uploads\/ELCOMAT-direct-N_Eng-2023.pdf&#8221; title=&#8221;Brochure ELCOMAT direct N &#8221; admin_title=&#8221;Brochure ELCOMAT direct N &#8221; description=&#8221;Product brochure electronic autocollimators from the ELCOMAT direct N product range&#8221; category=&#8221;Brochures&#8221; _builder_version=&#8221;4.27.5&#8243; _module_preset=&#8221;default&#8221; global_colors_info=&#8221;{}&#8221;][\/sm_downloads_child][sm_downloads_child download_file=&#8221;https:\/\/moeller-wedel-optical.com\/wp-content\/uploads\/Brochure-ELCOMAT-vario-N.pdf&#8221; title=&#8221;Brochure ELCOMAT vario N &#8221; admin_title=&#8221;Brochure ELCOMAT vario N &#8221; description=&#8221;Product brochure electronic autocollimators from the ELCOMAT vario N product range&#8221; category=&#8221;Brochures&#8221; _builder_version=&#8221;4.27.5&#8243; _module_preset=&#8221;default&#8221; global_colors_info=&#8221;{}&#8221;][\/sm_downloads_child][sm_downloads_child download_file=&#8221;https:\/\/moeller-wedel-optical.com\/wp-content\/uploads\/DataSheet-Collimator-motorized_NEU1.pdf&#8221; title=&#8221;Data sheet TYP KM &#8211; Motorized collimators &#8221; admin_title=&#8221;Data sheet TYP KM&#8221; description=&#8221;Data sheet Motorized collimators for the \u201cactive alignment\u201d of cameras in the automotive industry&#8221; category=&#8221;Data sheets&#8221; _builder_version=&#8221;4.27.5&#8243; _module_preset=&#8221;default&#8221; global_colors_info=&#8221;{}&#8221;][\/sm_downloads_child][sm_downloads_child download_file=&#8221;https:\/\/moeller-wedel-optical.com\/wp-content\/uploads\/MWO-Elcomat5000-Eng-Web-1.pdf&#8221; title=&#8221;Brochure ELCOMAT 5000&#8243; admin_title=&#8221;Brochure ELCOMAT 5000&#8243; description=&#8221;Product brochure electronic autocollimators ELCOMAT 5000&#8243; category=&#8221;Brochures&#8221; _builder_version=&#8221;4.27.5&#8243; _module_preset=&#8221;default&#8221; global_colors_info=&#8221;{}&#8221;][\/sm_downloads_child][sm_downloads_child download_file=&#8221;https:\/\/moeller-wedel-optical.com\/wp-content\/uploads\/GONIOMAT-Product-Line-Brochure.pdf&#8221; title=&#8221;Brochure GONIOMAT &#8221; admin_title=&#8221;Brochure GONIOMAT &#8221; description=&#8221;Product brochure Goniometer with electronic image evaluation&#8221; category=&#8221;Brochures&#8221; _builder_version=&#8221;4.27.5&#8243; _module_preset=&#8221;default&#8221; global_colors_info=&#8221;{}&#8221;][\/sm_downloads_child][sm_downloads_child download_file=&#8221;https:\/\/moeller-wedel-optical.com\/wp-content\/uploads\/250417-Interferometer-Catalogue-ENweb.pdf&#8221; title=&#8221;Brochure Interferometer&#8221; admin_title=&#8221;Brochure Interferometer&#8221; description=&#8221;Product Brochure Product Range Interferometer VI-direct&#8221; category=&#8221;Brochures&#8221; _builder_version=&#8221;4.27.5&#8243; _module_preset=&#8221;default&#8221; hover_enabled=&#8221;0&#8243; global_colors_info=&#8221;{}&#8221; title_text=&#8221;250417 Interferometer Catalogue EN(web)&#8221; sticky_enabled=&#8221;0&#8243;][\/sm_downloads_child][sm_downloads_child download_file=&#8221;https:\/\/moeller-wedel-optical.com\/wp-content\/uploads\/SIAM_engl.neu_.pdf&#8221; title=&#8221;Data sheet SIAM &#8211; Secondary Image Angle Measuring Device&#8221; admin_title=&#8221;Data sheet SIAM&#8221; description=&#8221;Data sheet Measuring device for determining the angle between the primary and secondary image of car windscreens&#8221; category=&#8221;Data sheets&#8221; _builder_version=&#8221;4.27.5&#8243; _module_preset=&#8221;default&#8221; global_colors_info=&#8221;{}&#8221;][\/sm_downloads_child][sm_downloads_child download_file=&#8221;https:\/\/moeller-wedel-optical.com\/wp-content\/uploads\/Data-sheet_Live-Image-Kit_EN.pdf&#8221; title=&#8221;Data sheet Live-Image-Kit&#8221; admin_title=&#8221;Data sheet Live-Image-Kit&#8221; description=&#8221;Data sheet Live image kit for displaying the eyepiece image of autocollimators, test telescopes, escape telescopes and escape autocollimators on a monitor.&#8221; category=&#8221;Data sheets&#8221; _builder_version=&#8221;4.27.5&#8243; _module_preset=&#8221;default&#8221; global_colors_info=&#8221;{}&#8221;][\/sm_downloads_child][sm_downloads_child download_file=&#8221;https:\/\/moeller-wedel-optical.com\/wp-content\/uploads\/MWO-visuelle-optische-Messgeraete_eng_web-3.pdf&#8221; title=&#8221;Brochure visual optical measuring and testing instruments&#8221; admin_title=&#8221;Brochure visual optical measuring and testing instruments&#8221; description=&#8221;Brochure visual optical measuring and testing instruments: collimators, test telescopes, autocollimators &#8221; category=&#8221;Brochures&#8221; _builder_version=&#8221;4.27.5&#8243; _module_preset=&#8221;default&#8221; global_colors_info=&#8221;{}&#8221;][\/sm_downloads_child][sm_downloads_child download_file=&#8221;https:\/\/moeller-wedel-optical.com\/wp-content\/uploads\/ELCOMAT-focus_engl_neu.pdf&#8221; title=&#8221;Data sheet ELCOMAT focus&#8221; admin_title=&#8221;Data sheet ELCOMAT focus&#8221; description=&#8221;Data sheet electronic autocollimator ELCOMAT focus&#8221; category=&#8221;Data sheets&#8221; _builder_version=&#8221;4.27.5&#8243; _module_preset=&#8221;default&#8221; global_colors_info=&#8221;{}&#8221;][\/sm_downloads_child][sm_downloads_child download_file=&#8221;https:\/\/moeller-wedel-optical.com\/wp-content\/uploads\/Datasheet-WaveBench_Eng_online_02.09.2025_compressed.pdf&#8221; title=&#8221;Data sheet Cine-Autocollimator WaveBench &#8221; admin_title=&#8221;Data sheet WaveBench&#8221; description=&#8221;WaveBench autocollimator data sheet for cine, broadcast, photo, rental and production&#8221; category=&#8221;Data sheets&#8221; _builder_version=&#8221;4.27.5&#8243; _module_preset=&#8221;default&#8221; global_colors_info=&#8221;{}&#8221;][\/sm_downloads_child][sm_downloads_child download_file=&#8221;https:\/\/moeller-wedel-optical.com\/wp-content\/uploads\/MWO_Data-sheet_ELCOMAT-wave_EN.pdf&#8221; title=&#8221;Data sheet ELCOMAT wave&#8221; admin_title=&#8221;Data sheet ELCOMAT wave&#8221; description=&#8221;Product brochure electronic autocollimators from the ELCOMAT direct wave product range&#8221; category=&#8221;Data sheets&#8221; _builder_version=&#8221;4.27.5&#8243; _module_preset=&#8221;default&#8221; global_colors_info=&#8221;{}&#8221;][\/sm_downloads_child][sm_downloads_child download_file=&#8221;https:\/\/moeller-wedel-optical.com\/wp-content\/uploads\/2026_DAkkS_Accreditation_Certificate_D-K-20592-01-00_with_Attachment.pdf&#8221; title=&#8221;DAkkS Certificate of accreditation&#8221; admin_title=&#8221;DAkkS Certificate of accreditation&#8221; description=&#8221;As the world market leader in the field of small angle metrology, M\u00f6ller-Wedel Optical has been operating a DAkkS accredited calibration laboratory for the dimensional measurand: angle \u2013 angle standards since 2017. Our calibration services include:<\/p>\n<p>Calibration of electronic autocollimators<br \/>\nAngle calibration of mirror polygons&#8221; category=&#8221;Certificates&#8221; _builder_version=&#8221;4.27.5&#8243; _module_preset=&#8221;default&#8221; global_colors_info=&#8221;{}&#8221;][\/sm_downloads_child][sm_downloads_child download_file=&#8221;https:\/\/moeller-wedel-optical.com\/wp-content\/uploads\/061892-MOeLLER-WEDEL-OPTICAL-GmbH-QM-WA-24-en-1.pdf&#8221; title=&#8221;T\u00dcV Nord Certificate DIN EN ISO 9001&#8243; admin_title=&#8221;T\u00dcV Nord Certificate DIN EN ISO 9001&#8243; description=&#8221;M\u00f6ller-Wedel Optical is certified according to DIN EN ISO 9001:2015. &#8221; category=&#8221;Certificates&#8221; _builder_version=&#8221;4.27.5&#8243; _module_preset=&#8221;default&#8221; global_colors_info=&#8221;{}&#8221;][\/sm_downloads_child][\/sm_downloads_parent][\/et_pb_column][\/et_pb_row][\/et_pb_section]<\/p>\n","protected":false},"excerpt":{"rendered":"<p><div class=\"et_pb_module sm_header_image sm_header_image_0\">\n\t\t\t\t\n\t\t\t\t\n\t\t\t\t\n\t\t\t\t\n\t\t\t\t\n\t\t\t\t\n\t\t\t\t<div class=\"et_pb_module_inner\">\n\t\t\t\t\t\n\t\t\t<div class=\"module module--fullwidth offset-top--no offset-bottom--sm\">\n\t\t\t\t<div class=\"sm-header-image sm-header-image--small\">\n\t\t\t\t\t<div class=\"header-image__media\">\n\t\t\t\t\t\t<img decoding=\"async\" src=\"https:\/\/moeller-wedel-optical.com\/wp-content\/uploads\/Broschueren-Titel-.jpg\" alt=\"Brochures and data sheets\" style=\"object-position: center center;\"\/>\n\t\t\t\t\t<\/div>\n\t\t\t\t\t<div class=\"header-image__content\">\n\t\t\t\t\t\t<div class=\"content__inner\">\n\t\t\t\t\t\t\t<h2 class=\"content__subtitle\">Brochures and data sheets<\/h2>\n\t\t\t\t\t\t\t<h1 class=\"content__title\">Download area<\/h1> \n\t\t\t\t\t\t\t\n\t\t\t\t\t\t<\/div>\n\t\t\t\t\t<\/div>\n\t\t\t\t<\/div>\n\t\t\t<\/div>\n\t\t\t\t<\/div>\n\t\t\t<\/div><div class=\"et_pb_module sm_text sm_text_0\">\n\t\t\t\t\n\t\t\t\t\n\t\t\t\t\n\t\t\t\t\n\t\t\t\t\n\t\t\t\t\n\t\t\t\t<div class=\"et_pb_module_inner\">\n\t\t\t\t\t\n\t\t\t\t<div class=\"module module--boxed offset-top--no offset-bottom--xs\" data-aos=\"fade-in\">\n\t\t\t\t\t<div class=\"sm-text sm-text--variant-normal sm-text--width-full sm-text--align-left sm-text--text-align-left\">\n\t\t\t\t\t\t\n\t\t\t\t\t\t<div class=\"text\">Here you can download our current product brochures, data sheets and product videos. If you are missing any content, please contact us by Phone: +49 (0)4103-93776-10 by E-Mail: info@moeller-wedel-optical.com <\/div>\n\t\t\t\t\t<\/div>\n\t\t\t\t<\/div>\n\t\t\t\t<\/div>\n\t\t\t<\/div><div class=\"et_pb_module sm_downloads_parent sm_downloads_parent_0\">\n\t\t\t\t\n\t\t\t\t\n\t\t\t\t\n\t\t\t\t\n\t\t\t\t\n\t\t\t\t\n\t\t\t\t<div class=\"et_pb_module_inner\">\n\t\t\t\t\t\n\t\t\t<div class=\"module module--boxed offset-top--no offset-bottom--lg\" data-aos=\"fade-in\">\n\t\t\t\t<div class=\"sm-downloads-parent\">\n\t\t\t\t\t<div class=\"module__container\">\n\t\t\t\t\t\t<div class=\"downloads\">\n\t\t\t\t\t\t\t\n\t\t\t\t\t\t<\/div>\n\t\t\t\t\t<\/div>\n\t\t\t\t<\/div>\n\t\t\t<\/div>\n\t\t\t\t<\/div>\n\t\t\t<\/div><div class=\"et_pb_module sm_downloads_child sm_downloads_child_0\">\n\t\t\t\t\n\t\t\t\t\n\t\t\t\t\n\t\t\t\t\n\t\t\t\t\n\t\t\t\t\n\t\t\t\t<div class=\"et_pb_module_inner\">\n\t\t\t\t\t\n\t\t\t\t<\/div>\n\t\t\t<\/div><\/p>\n","protected":false},"author":2,"featured_media":0,"parent":0,"menu_order":0,"comment_status":"closed","ping_status":"closed","template":"","meta":{"_et_pb_use_builder":"on","_et_pb_old_content":"","_et_gb_content_width":"","footnotes":""},"class_list":["post-5378","page","type-page","status-publish","hentry"],"yoast_head":"<!-- This site is optimized with the Yoast SEO plugin v27.4 - https:\/\/yoast.com\/product\/yoast-seo-wordpress\/ -->\n<title>Downloads - M\u00f6ller-Wedel Optical<\/title>\n<meta name=\"robots\" content=\"index, follow, max-snippet:-1, max-image-preview:large, max-video-preview:-1\" \/>\n<link rel=\"canonical\" href=\"https:\/\/moeller-wedel-optical.com\/en\/downloads\/\" \/>\n<meta property=\"og:locale\" content=\"en_US\" \/>\n<meta property=\"og:type\" content=\"article\" \/>\n<meta property=\"og:title\" content=\"Downloads - M\u00f6ller-Wedel Optical\" \/>\n<meta property=\"og:url\" content=\"https:\/\/moeller-wedel-optical.com\/en\/downloads\/\" \/>\n<meta property=\"og:site_name\" content=\"M\u00f6ller-Wedel Optical\" \/>\n<meta property=\"article:modified_time\" content=\"2026-04-13T12:11:47+00:00\" \/>\n<meta name=\"twitter:card\" content=\"summary_large_image\" \/>\n<meta name=\"twitter:description\" content=\"[sm_header_image variant=&quot;small&quot; image=&quot;https:\/\/moeller-wedel-optical.com\/wp-content\/uploads\/Broschueren-Titel-.jpg&quot; title=&quot;Brochures and data sheets&quot; text=&quot;Download area&quot; offset_bottom=&quot;sm&quot; _builder_version=&quot;4.27.3&quot; _module_preset=&quot;default&quot; global_colors_info=&quot;{}&quot;][\/sm_header_image][sm_text offset_bottom=&quot;xs&quot; _builder_version=&quot;4.27.5&quot; _module_preset=&quot;default&quot; global_colors_info=&quot;{}&quot;]Here you can download our current product brochures, data sheets and product videos. If you are missing any content, please contact us by Phone: +49 (0)4103-93776-10 by E-Mail: info@moeller-wedel-optical.com [\/sm_text][sm_downloads_parent _builder_version=&quot;4.27.5&quot; _module_preset=&quot;default&quot; hover_enabled=&quot;0&quot; global_colors_info=&quot;{}&quot; sticky_enabled=&quot;0&quot;][sm_downloads_child download_file=&quot;https:\/\/moeller-wedel-optical.com\/wp-content\/uploads\/ELCOMAT-direct-N_Eng-2023.pdf&quot; title=&quot;Brochure ELCOMAT direct [&hellip;]\" \/>\n<meta name=\"twitter:label1\" content=\"Est. reading time\" \/>\n\t<meta name=\"twitter:data1\" content=\"4 minutes\" \/>\n<script type=\"application\/ld+json\" class=\"yoast-schema-graph\">{\"@context\":\"https:\\\/\\\/schema.org\",\"@graph\":[{\"@type\":\"WebPage\",\"@id\":\"https:\\\/\\\/moeller-wedel-optical.com\\\/en\\\/downloads\\\/\",\"url\":\"https:\\\/\\\/moeller-wedel-optical.com\\\/en\\\/downloads\\\/\",\"name\":\"Downloads - M\u00f6ller-Wedel Optical\",\"isPartOf\":{\"@id\":\"https:\\\/\\\/moeller-wedel-optical.com\\\/en\\\/#website\"},\"datePublished\":\"2024-11-06T10:18:46+00:00\",\"dateModified\":\"2026-04-13T12:11:47+00:00\",\"breadcrumb\":{\"@id\":\"https:\\\/\\\/moeller-wedel-optical.com\\\/en\\\/downloads\\\/#breadcrumb\"},\"inLanguage\":\"en-US\",\"potentialAction\":[{\"@type\":\"ReadAction\",\"target\":[\"https:\\\/\\\/moeller-wedel-optical.com\\\/en\\\/downloads\\\/\"]}]},{\"@type\":\"BreadcrumbList\",\"@id\":\"https:\\\/\\\/moeller-wedel-optical.com\\\/en\\\/downloads\\\/#breadcrumb\",\"itemListElement\":[{\"@type\":\"ListItem\",\"position\":1,\"name\":\"Startseite\",\"item\":\"https:\\\/\\\/moeller-wedel-optical.com\\\/en\\\/\"},{\"@type\":\"ListItem\",\"position\":2,\"name\":\"Downloads\"}]},{\"@type\":\"WebSite\",\"@id\":\"https:\\\/\\\/moeller-wedel-optical.com\\\/en\\\/#website\",\"url\":\"https:\\\/\\\/moeller-wedel-optical.com\\\/en\\\/\",\"name\":\"M\u00f6ller-Wedel Optical\",\"description\":\"\",\"publisher\":{\"@id\":\"https:\\\/\\\/moeller-wedel-optical.com\\\/en\\\/#organization\"},\"potentialAction\":[{\"@type\":\"SearchAction\",\"target\":{\"@type\":\"EntryPoint\",\"urlTemplate\":\"https:\\\/\\\/moeller-wedel-optical.com\\\/en\\\/?s={search_term_string}\"},\"query-input\":{\"@type\":\"PropertyValueSpecification\",\"valueRequired\":true,\"valueName\":\"search_term_string\"}}],\"inLanguage\":\"en-US\"},{\"@type\":\"Organization\",\"@id\":\"https:\\\/\\\/moeller-wedel-optical.com\\\/en\\\/#organization\",\"name\":\"M\u00f6ller-Wedel Optical\",\"url\":\"https:\\\/\\\/moeller-wedel-optical.com\\\/en\\\/\",\"logo\":{\"@type\":\"ImageObject\",\"inLanguage\":\"en-US\",\"@id\":\"https:\\\/\\\/moeller-wedel-optical.com\\\/en\\\/#\\\/schema\\\/logo\\\/image\\\/\",\"url\":\"https:\\\/\\\/moeller-wedel-optical.com\\\/wp-content\\\/uploads\\\/cropped-android-chrome-192x192-1.png\",\"contentUrl\":\"https:\\\/\\\/moeller-wedel-optical.com\\\/wp-content\\\/uploads\\\/cropped-android-chrome-192x192-1.png\",\"width\":512,\"height\":512,\"caption\":\"M\u00f6ller-Wedel Optical\"},\"image\":{\"@id\":\"https:\\\/\\\/moeller-wedel-optical.com\\\/en\\\/#\\\/schema\\\/logo\\\/image\\\/\"}}]}<\/script>\n<!-- \/ Yoast SEO plugin. -->","yoast_head_json":{"title":"Downloads - M\u00f6ller-Wedel Optical","robots":{"index":"index","follow":"follow","max-snippet":"max-snippet:-1","max-image-preview":"max-image-preview:large","max-video-preview":"max-video-preview:-1"},"canonical":"https:\/\/moeller-wedel-optical.com\/en\/downloads\/","og_locale":"en_US","og_type":"article","og_title":"Downloads - M\u00f6ller-Wedel Optical","og_url":"https:\/\/moeller-wedel-optical.com\/en\/downloads\/","og_site_name":"M\u00f6ller-Wedel Optical","article_modified_time":"2026-04-13T12:11:47+00:00","twitter_card":"summary_large_image","twitter_description":"[sm_header_image variant=\"small\" image=\"https:\/\/moeller-wedel-optical.com\/wp-content\/uploads\/Broschueren-Titel-.jpg\" title=\"Brochures and data sheets\" text=\"Download area\" offset_bottom=\"sm\" _builder_version=\"4.27.3\" _module_preset=\"default\" global_colors_info=\"{}\"][\/sm_header_image][sm_text offset_bottom=\"xs\" _builder_version=\"4.27.5\" _module_preset=\"default\" global_colors_info=\"{}\"]Here you can download our current product brochures, data sheets and product videos. If you are missing any content, please contact us by Phone: +49 (0)4103-93776-10 by E-Mail: info@moeller-wedel-optical.com [\/sm_text][sm_downloads_parent _builder_version=\"4.27.5\" _module_preset=\"default\" hover_enabled=\"0\" global_colors_info=\"{}\" sticky_enabled=\"0\"][sm_downloads_child download_file=\"https:\/\/moeller-wedel-optical.com\/wp-content\/uploads\/ELCOMAT-direct-N_Eng-2023.pdf\" title=\"Brochure ELCOMAT direct [&hellip;]","twitter_misc":{"Est. reading time":"4 minutes"},"schema":{"@context":"https:\/\/schema.org","@graph":[{"@type":"WebPage","@id":"https:\/\/moeller-wedel-optical.com\/en\/downloads\/","url":"https:\/\/moeller-wedel-optical.com\/en\/downloads\/","name":"Downloads - M\u00f6ller-Wedel Optical","isPartOf":{"@id":"https:\/\/moeller-wedel-optical.com\/en\/#website"},"datePublished":"2024-11-06T10:18:46+00:00","dateModified":"2026-04-13T12:11:47+00:00","breadcrumb":{"@id":"https:\/\/moeller-wedel-optical.com\/en\/downloads\/#breadcrumb"},"inLanguage":"en-US","potentialAction":[{"@type":"ReadAction","target":["https:\/\/moeller-wedel-optical.com\/en\/downloads\/"]}]},{"@type":"BreadcrumbList","@id":"https:\/\/moeller-wedel-optical.com\/en\/downloads\/#breadcrumb","itemListElement":[{"@type":"ListItem","position":1,"name":"Startseite","item":"https:\/\/moeller-wedel-optical.com\/en\/"},{"@type":"ListItem","position":2,"name":"Downloads"}]},{"@type":"WebSite","@id":"https:\/\/moeller-wedel-optical.com\/en\/#website","url":"https:\/\/moeller-wedel-optical.com\/en\/","name":"M\u00f6ller-Wedel Optical","description":"","publisher":{"@id":"https:\/\/moeller-wedel-optical.com\/en\/#organization"},"potentialAction":[{"@type":"SearchAction","target":{"@type":"EntryPoint","urlTemplate":"https:\/\/moeller-wedel-optical.com\/en\/?s={search_term_string}"},"query-input":{"@type":"PropertyValueSpecification","valueRequired":true,"valueName":"search_term_string"}}],"inLanguage":"en-US"},{"@type":"Organization","@id":"https:\/\/moeller-wedel-optical.com\/en\/#organization","name":"M\u00f6ller-Wedel Optical","url":"https:\/\/moeller-wedel-optical.com\/en\/","logo":{"@type":"ImageObject","inLanguage":"en-US","@id":"https:\/\/moeller-wedel-optical.com\/en\/#\/schema\/logo\/image\/","url":"https:\/\/moeller-wedel-optical.com\/wp-content\/uploads\/cropped-android-chrome-192x192-1.png","contentUrl":"https:\/\/moeller-wedel-optical.com\/wp-content\/uploads\/cropped-android-chrome-192x192-1.png","width":512,"height":512,"caption":"M\u00f6ller-Wedel Optical"},"image":{"@id":"https:\/\/moeller-wedel-optical.com\/en\/#\/schema\/logo\/image\/"}}]}},"_links":{"self":[{"href":"https:\/\/moeller-wedel-optical.com\/en\/wp-json\/wp\/v2\/pages\/5378","targetHints":{"allow":["GET"]}}],"collection":[{"href":"https:\/\/moeller-wedel-optical.com\/en\/wp-json\/wp\/v2\/pages"}],"about":[{"href":"https:\/\/moeller-wedel-optical.com\/en\/wp-json\/wp\/v2\/types\/page"}],"author":[{"embeddable":true,"href":"https:\/\/moeller-wedel-optical.com\/en\/wp-json\/wp\/v2\/users\/2"}],"replies":[{"embeddable":true,"href":"https:\/\/moeller-wedel-optical.com\/en\/wp-json\/wp\/v2\/comments?post=5378"}],"version-history":[{"count":38,"href":"https:\/\/moeller-wedel-optical.com\/en\/wp-json\/wp\/v2\/pages\/5378\/revisions"}],"predecessor-version":[{"id":6802,"href":"https:\/\/moeller-wedel-optical.com\/en\/wp-json\/wp\/v2\/pages\/5378\/revisions\/6802"}],"wp:attachment":[{"href":"https:\/\/moeller-wedel-optical.com\/en\/wp-json\/wp\/v2\/media?parent=5378"}],"curies":[{"name":"wp","href":"https:\/\/api.w.org\/{rel}","templated":true}]}}