{"id":2850,"date":"2023-04-04T10:32:11","date_gmt":"2023-04-04T10:32:11","guid":{"rendered":"https:\/\/moeller-wedel-optical.com\/industry-solutions\/optical-industry\/"},"modified":"2024-10-22T11:49:10","modified_gmt":"2024-10-22T11:49:10","slug":"optical-industry","status":"publish","type":"page","link":"https:\/\/moeller-wedel-optical.com\/en\/industry-solutions\/optical-industry\/","title":{"rendered":"Optical industry"},"content":{"rendered":"<p>[et_pb_section fb_built=&#8221;1&#8243; _builder_version=&#8221;4.21.0&#8243; _module_preset=&#8221;default&#8221; global_colors_info=&#8221;{}&#8221;][et_pb_row _builder_version=&#8221;4.21.0&#8243; _module_preset=&#8221;default&#8221; global_colors_info=&#8221;{}&#8221;][et_pb_column type=&#8221;4_4&#8243; _builder_version=&#8221;4.21.0&#8243; _module_preset=&#8221;default&#8221; global_colors_info=&#8221;{}&#8221;][sm_header_image variant=&#8221;small&#8221; image=&#8221;https:\/\/moeller-wedel-optical.com\/wp-content\/uploads\/optische-Industrie.webp&#8221; title=&#8221;Optical Industry&#8221; text=&#8221;Precision meets innovation&#8221; vertical_image_orientation=&#8221;bottom&#8221; _builder_version=&#8221;4.23&#8243; _module_preset=&#8221;default&#8221; global_colors_info=&#8221;{}&#8221;][\/sm_header_image][sm_text headline_design=&#8221;subline-brand&#8221; headline=&#8221;Precise Measuring Systems for the Optical Industry&#8221; headline_text=&#8221;Highest quality and precision for optical applications&#8221; _builder_version=&#8221;4.23&#8243; _module_preset=&#8221;default&#8221; global_colors_info=&#8221;{}&#8221;]<\/p>\n<p>Welcome to the world of the optical industry! M\u00f6ller-Wedel Optical is your reliable partner for high-precision optical measurement systems specifically designed to meet the requirements of this demanding industry. As a renowned manufacturer, we focus on innovation and quality to provide you with solutions that help you optimise your products and processes. From optical component testing to surface inspection, you won&#8217;t have to worry about accuracy and reliability with our measurement systems. Find out more about our metrology solutions for the optical industry and discover which of our instruments can solve your measurement tasks.<\/p>\n<p>[\/sm_text][sm_applications title=&#8221;Fields of application&#8221; subtitle=&#8221;Highest precision for the optical industry &#8211; measuring systems that meet your requirements&#8221; _builder_version=&#8221;4.27.2&#8243; _module_preset=&#8221;default&#8221; hover_enabled=&#8221;0&#8243; global_colors_info=&#8221;{}&#8221; sticky_enabled=&#8221;0&#8243;][sm_applications_child label=&#8221;Winkelmessung&#8221; title=&#8221;Angle measurement&#8221; categories=&#8221;50,55,49,78&#8243; products=&#8221;off|off|off|off|off|off|off|off|off|off|off|off|off|off|off|off|off|off|off|off|off|off|off|off|off|off|off|off|off|off|off|off|off|off|off|off|off|off|off|off|off|off|off|off|off|off|off|off|off|off|off|off|off|off|off|off|off|off|off|off|off|off|off|off|off|off|off|off|off|off|off|off|off|off|off|off|off|off|off&#8221; _builder_version=&#8221;4.23&#8243; _module_preset=&#8221;default&#8221; global_colors_info=&#8221;{}&#8221;][\/sm_applications_child][sm_applications_child label=&#8221;Kleinstwinkelmessung&#8221; title=&#8221;Small angle measurement&#8221; categories=&#8221;54&#8243; products=&#8221;off|off|off|off|off|off|off|off|off|off|off|off|off|off|off|off|off|on|off|off|off|off|off|off|off|off|off|off|off|off|off|off|off|off|off|off|off|off|off|off|off|off|off|off|off|off|off|off|off|off|off|off|off|off|off|off|off|off|off|off|off|off|off|off|off|off|off|off|off|off|off|off|off|off|off|off|off|off|off&#8221; _builder_version=&#8221;4.27.2&#8243; _module_preset=&#8221;default&#8221; global_colors_info=&#8221;{}&#8221;][\/sm_applications_child][sm_applications_child label=&#8221;Winkelmessung an 90\u00b0-Prismen&#8221; title=&#8221;Angle measurement on 90\u00b0 prisms and corner cubes &#8221; categories=&#8221;62&#8243; _builder_version=&#8221;4.23&#8243; _module_preset=&#8221;default&#8221; global_colors_info=&#8221;{}&#8221;][\/sm_applications_child][sm_applications_child label=&#8221;Schnittweitenmessung&#8221; title=&#8221;Cutting width measurement&#8221; categories=&#8221;67&#8243; _builder_version=&#8221;4.23&#8243; _module_preset=&#8221;default&#8221; global_colors_info=&#8221;{}&#8221;][\/sm_applications_child][sm_applications_child label=&#8221;Brennweitenmessung&#8221; title=&#8221;Focal length measurement&#8221; categories=&#8221;67&#8243; _builder_version=&#8221;4.23&#8243; _module_preset=&#8221;default&#8221; global_colors_info=&#8221;{}&#8221;][\/sm_applications_child][sm_applications_child label=&#8221;Messung optischer Wirkung&#8221; title=&#8221;Measurement of optical power&#8221; categories=&#8221;78,49&#8243; products=&#8221;off|off|off|off|off|off|off|off|off|off|off|off|off|off|off|off|off|off|off|off|off|off|off|off|off|off|off|off|off|off|off|off|off|off|off|off|off|off|off|off|off|off|off|off|off|off|off|off|off|off|off|off|off|off|off|off|off|off|off|off|off|off|off|off|off|off|off|off|off|off|off|off|off|off|off|off|off|off|off&#8221; _builder_version=&#8221;4.23&#8243; _module_preset=&#8221;default&#8221; global_colors_info=&#8221;{}&#8221;][\/sm_applications_child][sm_applications_child label=&#8221;Messung von Parallelit\u00e4t von Planplatten&#8221; title=&#8221;Measurement of parallelism of plane plates&#8221; categories=&#8221;50,55,78,49&#8243; _builder_version=&#8221;4.23&#8243; _module_preset=&#8221;default&#8221; global_colors_info=&#8221;{}&#8221;][\/sm_applications_child][sm_applications_child label=&#8221;Ebenheitsmessung&#8221; title=&#8221;Flatness measurement of optical surfaces (e.g. mirrors, prisms, flats)&#8221; categories=&#8221;62&#8243; _builder_version=&#8221;4.23&#8243; _module_preset=&#8221;default&#8221; global_colors_info=&#8221;{}&#8221;][\/sm_applications_child][sm_applications_child label=&#8221;Pyramidalfehlern&#8221; title=&#8221;Measurement of pyramidal errors of prisms&#8221; categories=&#8221;50,55&#8243; _builder_version=&#8221;4.23&#8243; _module_preset=&#8221;default&#8221; global_colors_info=&#8221;{}&#8221;][\/sm_applications_child][sm_applications_child label=&#8221;Kr\u00fcmmungsradien&#8221; title=&#8221;Measurement of radii of curvature on optical lenses and polished mechanical components&#8221; categories=&#8221;67&#8243; _builder_version=&#8221;4.27.2&#8243; _module_preset=&#8221;default&#8221; global_colors_info=&#8221;{}&#8221;][\/sm_applications_child][sm_applications_child label=&#8221;Brechkraft &#8221; title=&#8221;Refractive power measurement &#8221; products=&#8221;off|off|off|off|off|off|off|off|off|off|off|on|off|off|off|off|off|off|off|off|off|off|off|off|off|off|off|off|off|off|off|off|off|off|off|off|off|off|off|off|off|off|off|off|off|off|off|off|off|off|off|off|off|off|off|off|off|off|off|off|off|off|off|off|off|off|off|off|off|off|off|off|off|off|off|off|off|off|off&#8221; _builder_version=&#8221;4.23&#8243; _module_preset=&#8221;default&#8221; global_colors_info=&#8221;{}&#8221;][\/sm_applications_child][sm_applications_child label=&#8221;Dioptrieteilung&#8221; title=&#8221;Testing diopter graduations&#8221; products=&#8221;off|off|off|off|off|off|off|off|off|off|off|on|off|off|off|off|off|off|off|off|off|off|off|off|off|off|off|off|off|off|off|off|off|off|off|off|off|off|off|off|off|off|off|off|off|off|off|off|off|off|off|off|off|off|off|off|off|off|off|off|off|off|off|off|off|off|off|off|off|off|off|off|off|off|off|off|off|off|off&#8221; _builder_version=&#8221;4.23&#8243; _module_preset=&#8221;default&#8221; global_colors_info=&#8221;{}&#8221;][\/sm_applications_child][sm_applications_child label=&#8221;Entfernungseinstellung &#8221; title=&#8221;Checking distance settings of telescopes &#8221; categories=&#8221;49&#8243; _builder_version=&#8221;4.27.2&#8243; _module_preset=&#8221;default&#8221; hover_enabled=&#8221;0&#8243; global_colors_info=&#8221;{}&#8221; sticky_enabled=&#8221;0&#8243;][\/sm_applications_child][sm_applications_child label=&#8221;Austrittspupille&#8221; title=&#8221;Measurement of exit pupil diameter of telescopes&#8221; products=&#8221;off|off|off|off|off|off|off|off|off|off|off|off|off|on|off|off|off|off|off|off|off|off|off|off|off|off|off|off|off|off|off|off|off|off|off|off|off|off|off|off|off|off|off|off|off|off|off|off|off|off|off|off|off|off|off|off|off|off|off|off|off|off|off|off|off|off|off|off|off|off|off|off|off|off|off|off|off|off|off&#8221; _builder_version=&#8221;4.27.2&#8243; _module_preset=&#8221;default&#8221; hover_enabled=&#8221;0&#8243; global_colors_info=&#8221;{}&#8221; sticky_enabled=&#8221;0&#8243;][\/sm_applications_child][sm_applications_child label=&#8221;Testing the filed of view&#8221; title=&#8221;Field of view testing of telescopes&#8221; categories=&#8221;49&#8243; _builder_version=&#8221;4.22.1&#8243; _module_preset=&#8221;default&#8221; global_colors_info=&#8221;{}&#8221;][\/sm_applications_child][sm_applications_child label=&#8221;Pr\u00fcfung des Gesichtsfelds &#8221; title=&#8221;Testing the reticle graduation of telescopes&#8221; _builder_version=&#8221;4.27.2&#8243; _module_preset=&#8221;default&#8221; hover_enabled=&#8221;0&#8243; global_colors_info=&#8221;{}&#8221; products=&#8221;off|off|off|off|off|off|off|off|off|off|off|off|off|on|off|off|off|off|off|off|off|off|off|off|off|off|off|off|off|off|off|off|off|off|off|off|off|off|off|off|off|off|off|off|off|off|off|off|off|off|off|off|off|off|off|off|off|off|off|off|off|off|off|off|off|off|off|off|off|off|off|off|off|off|off|off|off|off|off&#8221; sticky_enabled=&#8221;0&#8243;][\/sm_applications_child][sm_applications_child label=&#8221;Pr\u00fcfung der Strichplattenteilung &#8221; title=&#8221;Testing the graticule pitch of telescopes&#8221; categories=&#8221;49&#8243; _builder_version=&#8221;4.23&#8243; _module_preset=&#8221;default&#8221; global_colors_info=&#8221;{}&#8221;][\/sm_applications_child][sm_applications_child label=&#8221;Pr\u00fcfung der Vergr\u00f6\u00dferung von Fernrohren &#8221; title=&#8221;Testing the telescope magnification &#8221; products=&#8221;off|off|off|off|off|off|off|off|off|off|off|off|off|on|off|off|off|off|off|off|off|off|off|off|off|off|off|off|off|off|off|off|off|off|off|off|off|off|off|off|off|off|off|off|off|off|off|off|off|off|off|off|off|off|off|off|off|off|off|off|off|off|off|off|off|off|off|off|off|off|off|off|off|off|off|off|off|off|off&#8221; _builder_version=&#8221;4.23&#8243; _module_preset=&#8221;default&#8221; global_colors_info=&#8221;{}&#8221;][\/sm_applications_child][sm_applications_child label=&#8221;Pr\u00fcfung der Aufl\u00f6sung von Fernrohren &#8221; title=&#8221;Testing the resolution of telescopes&#8221; categories=&#8221;49&#8243; _builder_version=&#8221;4.23&#8243; _module_preset=&#8221;default&#8221; global_colors_info=&#8221;{}&#8221;][\/sm_applications_child][sm_applications_child label=&#8221;Prismenwinkelmessung&#8221; title=&#8221;Prism angle measurement &#8221; categories=&#8221;55,54&#8243; products=&#8221;off|off|off|off|off|off|off|off|off|off|off|off|off|off|off|off|off|off|off|off|off|off|off|off|off|off|off|off|off|off|off|off|off|off|off|off|off|off|off|off|off|off|off|off|off|off|off|off|off|off|off|off|off|off|off|off|off|off|off|off|off|off|off|off|off|off|off|off|off|off|off|off|off|off|off|off|off|off|off&#8221; _builder_version=&#8221;4.23&#8243; _module_preset=&#8221;default&#8221; global_colors_info=&#8221;{}&#8221;][\/sm_applications_child][sm_applications_child label=&#8221;Polygonspiegelmessung &#8221; title=&#8221;Polygon mirror measurement &#8221; categories=&#8221;55&#8243; _builder_version=&#8221;4.23&#8243; _module_preset=&#8221;default&#8221; global_colors_info=&#8221;{}&#8221;][\/sm_applications_child][sm_applications_child label=&#8221;Keilwinkelmessung&#8221; title=&#8221;Wedge angle measurement &#8221; categories=&#8221;54,55&#8243; _builder_version=&#8221;4.23&#8243; _module_preset=&#8221;default&#8221; global_colors_info=&#8221;{}&#8221;][\/sm_applications_child][sm_applications_child label=&#8221;Wellenfrontbestimmung und Keilwinkelmessung an planoptischen Komponenten&#8221; title=&#8221;Wavefront determination and wedge angle measurement on plano optical components&#8221; categories=&#8221;62&#8243; _builder_version=&#8221;4.23&#8243; _module_preset=&#8221;default&#8221; global_colors_info=&#8221;{}&#8221;][\/sm_applications_child][sm_applications_child label=&#8221;Wellenfrontmessung von Linsen und mechanischen Teilen &#8221; title=&#8221;Wavefront measurement of lenses and polished mechanical parts &#8221; categories=&#8221;62&#8243; _builder_version=&#8221;4.23&#8243; _module_preset=&#8221;default&#8221; global_colors_info=&#8221;{}&#8221;][\/sm_applications_child][sm_applications_child label=&#8221;Justierung von Reflektoren&#8221; title=&#8221;Reflector adjustment&#8221; products=&#8221;off|off|off|off|off|off|off|off|off|off|off|off|off|off|off|on|off|on|off|off|off|off|off|off|off|off|off|off|off|off|off|off|off|off|off|off|off|off|off|off|off|off|off|off|off|off|off|off|off|off|off|off|off|off|off|off|off|off|off|off|off|off|off|off|off|off|off|off|off|off|off|off|off|off|off|off|off|off|off&#8221; _builder_version=&#8221;4.27.2&#8243; _module_preset=&#8221;default&#8221; hover_enabled=&#8221;0&#8243; global_colors_info=&#8221;{}&#8221; sticky_enabled=&#8221;0&#8243;][\/sm_applications_child][sm_applications_child label=&#8221;Winkelpositions\u00fcberwachung&#8221; title=&#8221;Angular position monitoring&#8221; categories=&#8221;54&#8243; products=&#8221;off|off|off|off|off|off|off|off|off|off|off|off|off|off|off|on|off|on|off|off|off|off|off|off|off|off|off|off|off|off|off|off|off|off|off|off|off|off|off|off|off|off|off|off|off|off|off|off|off|off|off|off|off|off|off|off|off|off|off|off|off|off|off|off|off|off|off|off|off|off|off|off|off|off|off|off|off|off|off&#8221; _builder_version=&#8221;4.27.2&#8243; _module_preset=&#8221;default&#8221; hover_enabled=&#8221;0&#8243; global_colors_info=&#8221;{}&#8221; sticky_enabled=&#8221;0&#8243;][\/sm_applications_child][\/sm_applications][\/et_pb_column][\/et_pb_row][\/et_pb_section]<\/p>\n","protected":false},"excerpt":{"rendered":"<p>For optics manufacturing at the highest level, we offer the appropriate measuring equipment. We have been at home in optics since 1864 and have developed into a specialist in the field of optical manufacturing.<\/p>\n","protected":false},"author":2,"featured_media":2238,"parent":2839,"menu_order":0,"comment_status":"closed","ping_status":"closed","template":"","meta":{"_et_pb_use_builder":"on","_et_pb_old_content":"","_et_gb_content_width":"","footnotes":""},"class_list":["post-2850","page","type-page","status-publish","has-post-thumbnail","hentry"],"yoast_head":"<!-- This site is optimized with the Yoast SEO plugin v27.5 - https:\/\/yoast.com\/product\/yoast-seo-wordpress\/ -->\n<title>Optical industry - M\u00f6ller-Wedel Optical<\/title>\n<meta name=\"robots\" content=\"index, follow, max-snippet:-1, max-image-preview:large, max-video-preview:-1\" \/>\n<link rel=\"canonical\" href=\"https:\/\/moeller-wedel-optical.com\/en\/industry-solutions\/optical-industry\/\" \/>\n<meta property=\"og:locale\" content=\"en_US\" \/>\n<meta property=\"og:type\" content=\"article\" \/>\n<meta property=\"og:title\" content=\"Optical industry - M\u00f6ller-Wedel Optical\" \/>\n<meta property=\"og:description\" content=\"For optics manufacturing at the highest level, we offer the appropriate measuring equipment. We have been at home in optics since 1864 and have developed into a specialist in the field of optical manufacturing.\" \/>\n<meta property=\"og:url\" content=\"https:\/\/moeller-wedel-optical.com\/en\/industry-solutions\/optical-industry\/\" \/>\n<meta property=\"og:site_name\" content=\"M\u00f6ller-Wedel Optical\" \/>\n<meta property=\"article:modified_time\" content=\"2024-10-22T11:49:10+00:00\" \/>\n<meta property=\"og:image\" content=\"https:\/\/moeller-wedel-optical.com\/wp-content\/uploads\/optische-Industrie.webp\" \/>\n\t<meta property=\"og:image:width\" content=\"1024\" \/>\n\t<meta property=\"og:image:height\" content=\"576\" \/>\n\t<meta property=\"og:image:type\" content=\"image\/webp\" \/>\n<meta name=\"twitter:card\" content=\"summary_large_image\" \/>\n<meta name=\"twitter:label1\" content=\"Est. reading time\" \/>\n\t<meta name=\"twitter:data1\" content=\"3 minutes\" \/>\n<script type=\"application\/ld+json\" class=\"yoast-schema-graph\">{\"@context\":\"https:\\\/\\\/schema.org\",\"@graph\":[{\"@type\":\"WebPage\",\"@id\":\"https:\\\/\\\/moeller-wedel-optical.com\\\/en\\\/industry-solutions\\\/optical-industry\\\/\",\"url\":\"https:\\\/\\\/moeller-wedel-optical.com\\\/en\\\/industry-solutions\\\/optical-industry\\\/\",\"name\":\"Optical industry - M\u00f6ller-Wedel Optical\",\"isPartOf\":{\"@id\":\"https:\\\/\\\/moeller-wedel-optical.com\\\/en\\\/#website\"},\"primaryImageOfPage\":{\"@id\":\"https:\\\/\\\/moeller-wedel-optical.com\\\/en\\\/industry-solutions\\\/optical-industry\\\/#primaryimage\"},\"image\":{\"@id\":\"https:\\\/\\\/moeller-wedel-optical.com\\\/en\\\/industry-solutions\\\/optical-industry\\\/#primaryimage\"},\"thumbnailUrl\":\"https:\\\/\\\/moeller-wedel-optical.com\\\/wp-content\\\/uploads\\\/optische-Industrie.webp\",\"datePublished\":\"2023-04-04T10:32:11+00:00\",\"dateModified\":\"2024-10-22T11:49:10+00:00\",\"breadcrumb\":{\"@id\":\"https:\\\/\\\/moeller-wedel-optical.com\\\/en\\\/industry-solutions\\\/optical-industry\\\/#breadcrumb\"},\"inLanguage\":\"en-US\",\"potentialAction\":[{\"@type\":\"ReadAction\",\"target\":[\"https:\\\/\\\/moeller-wedel-optical.com\\\/en\\\/industry-solutions\\\/optical-industry\\\/\"]}]},{\"@type\":\"ImageObject\",\"inLanguage\":\"en-US\",\"@id\":\"https:\\\/\\\/moeller-wedel-optical.com\\\/en\\\/industry-solutions\\\/optical-industry\\\/#primaryimage\",\"url\":\"https:\\\/\\\/moeller-wedel-optical.com\\\/wp-content\\\/uploads\\\/optische-Industrie.webp\",\"contentUrl\":\"https:\\\/\\\/moeller-wedel-optical.com\\\/wp-content\\\/uploads\\\/optische-Industrie.webp\",\"width\":1024,\"height\":576},{\"@type\":\"BreadcrumbList\",\"@id\":\"https:\\\/\\\/moeller-wedel-optical.com\\\/en\\\/industry-solutions\\\/optical-industry\\\/#breadcrumb\",\"itemListElement\":[{\"@type\":\"ListItem\",\"position\":1,\"name\":\"Startseite\",\"item\":\"https:\\\/\\\/moeller-wedel-optical.com\\\/en\\\/\"},{\"@type\":\"ListItem\",\"position\":2,\"name\":\"Industry solutions\",\"item\":\"https:\\\/\\\/moeller-wedel-optical.com\\\/en\\\/industry-solutions\\\/\"},{\"@type\":\"ListItem\",\"position\":3,\"name\":\"Optical industry\"}]},{\"@type\":\"WebSite\",\"@id\":\"https:\\\/\\\/moeller-wedel-optical.com\\\/en\\\/#website\",\"url\":\"https:\\\/\\\/moeller-wedel-optical.com\\\/en\\\/\",\"name\":\"M\u00f6ller-Wedel Optical\",\"description\":\"\",\"publisher\":{\"@id\":\"https:\\\/\\\/moeller-wedel-optical.com\\\/en\\\/#organization\"},\"potentialAction\":[{\"@type\":\"SearchAction\",\"target\":{\"@type\":\"EntryPoint\",\"urlTemplate\":\"https:\\\/\\\/moeller-wedel-optical.com\\\/en\\\/?s={search_term_string}\"},\"query-input\":{\"@type\":\"PropertyValueSpecification\",\"valueRequired\":true,\"valueName\":\"search_term_string\"}}],\"inLanguage\":\"en-US\"},{\"@type\":\"Organization\",\"@id\":\"https:\\\/\\\/moeller-wedel-optical.com\\\/en\\\/#organization\",\"name\":\"M\u00f6ller-Wedel Optical\",\"url\":\"https:\\\/\\\/moeller-wedel-optical.com\\\/en\\\/\",\"logo\":{\"@type\":\"ImageObject\",\"inLanguage\":\"en-US\",\"@id\":\"https:\\\/\\\/moeller-wedel-optical.com\\\/en\\\/#\\\/schema\\\/logo\\\/image\\\/\",\"url\":\"https:\\\/\\\/moeller-wedel-optical.com\\\/wp-content\\\/uploads\\\/cropped-android-chrome-192x192-1.png\",\"contentUrl\":\"https:\\\/\\\/moeller-wedel-optical.com\\\/wp-content\\\/uploads\\\/cropped-android-chrome-192x192-1.png\",\"width\":512,\"height\":512,\"caption\":\"M\u00f6ller-Wedel Optical\"},\"image\":{\"@id\":\"https:\\\/\\\/moeller-wedel-optical.com\\\/en\\\/#\\\/schema\\\/logo\\\/image\\\/\"}}]}<\/script>\n<!-- \/ Yoast SEO plugin. -->","yoast_head_json":{"title":"Optical industry - M\u00f6ller-Wedel Optical","robots":{"index":"index","follow":"follow","max-snippet":"max-snippet:-1","max-image-preview":"max-image-preview:large","max-video-preview":"max-video-preview:-1"},"canonical":"https:\/\/moeller-wedel-optical.com\/en\/industry-solutions\/optical-industry\/","og_locale":"en_US","og_type":"article","og_title":"Optical industry - M\u00f6ller-Wedel Optical","og_description":"For optics manufacturing at the highest level, we offer the appropriate measuring equipment. We have been at home in optics since 1864 and have developed into a specialist in the field of optical manufacturing.","og_url":"https:\/\/moeller-wedel-optical.com\/en\/industry-solutions\/optical-industry\/","og_site_name":"M\u00f6ller-Wedel Optical","article_modified_time":"2024-10-22T11:49:10+00:00","og_image":[{"width":1024,"height":576,"url":"https:\/\/moeller-wedel-optical.com\/wp-content\/uploads\/optische-Industrie.webp","type":"image\/webp"}],"twitter_card":"summary_large_image","twitter_misc":{"Est. reading time":"3 minutes"},"schema":{"@context":"https:\/\/schema.org","@graph":[{"@type":"WebPage","@id":"https:\/\/moeller-wedel-optical.com\/en\/industry-solutions\/optical-industry\/","url":"https:\/\/moeller-wedel-optical.com\/en\/industry-solutions\/optical-industry\/","name":"Optical industry - M\u00f6ller-Wedel Optical","isPartOf":{"@id":"https:\/\/moeller-wedel-optical.com\/en\/#website"},"primaryImageOfPage":{"@id":"https:\/\/moeller-wedel-optical.com\/en\/industry-solutions\/optical-industry\/#primaryimage"},"image":{"@id":"https:\/\/moeller-wedel-optical.com\/en\/industry-solutions\/optical-industry\/#primaryimage"},"thumbnailUrl":"https:\/\/moeller-wedel-optical.com\/wp-content\/uploads\/optische-Industrie.webp","datePublished":"2023-04-04T10:32:11+00:00","dateModified":"2024-10-22T11:49:10+00:00","breadcrumb":{"@id":"https:\/\/moeller-wedel-optical.com\/en\/industry-solutions\/optical-industry\/#breadcrumb"},"inLanguage":"en-US","potentialAction":[{"@type":"ReadAction","target":["https:\/\/moeller-wedel-optical.com\/en\/industry-solutions\/optical-industry\/"]}]},{"@type":"ImageObject","inLanguage":"en-US","@id":"https:\/\/moeller-wedel-optical.com\/en\/industry-solutions\/optical-industry\/#primaryimage","url":"https:\/\/moeller-wedel-optical.com\/wp-content\/uploads\/optische-Industrie.webp","contentUrl":"https:\/\/moeller-wedel-optical.com\/wp-content\/uploads\/optische-Industrie.webp","width":1024,"height":576},{"@type":"BreadcrumbList","@id":"https:\/\/moeller-wedel-optical.com\/en\/industry-solutions\/optical-industry\/#breadcrumb","itemListElement":[{"@type":"ListItem","position":1,"name":"Startseite","item":"https:\/\/moeller-wedel-optical.com\/en\/"},{"@type":"ListItem","position":2,"name":"Industry solutions","item":"https:\/\/moeller-wedel-optical.com\/en\/industry-solutions\/"},{"@type":"ListItem","position":3,"name":"Optical industry"}]},{"@type":"WebSite","@id":"https:\/\/moeller-wedel-optical.com\/en\/#website","url":"https:\/\/moeller-wedel-optical.com\/en\/","name":"M\u00f6ller-Wedel Optical","description":"","publisher":{"@id":"https:\/\/moeller-wedel-optical.com\/en\/#organization"},"potentialAction":[{"@type":"SearchAction","target":{"@type":"EntryPoint","urlTemplate":"https:\/\/moeller-wedel-optical.com\/en\/?s={search_term_string}"},"query-input":{"@type":"PropertyValueSpecification","valueRequired":true,"valueName":"search_term_string"}}],"inLanguage":"en-US"},{"@type":"Organization","@id":"https:\/\/moeller-wedel-optical.com\/en\/#organization","name":"M\u00f6ller-Wedel Optical","url":"https:\/\/moeller-wedel-optical.com\/en\/","logo":{"@type":"ImageObject","inLanguage":"en-US","@id":"https:\/\/moeller-wedel-optical.com\/en\/#\/schema\/logo\/image\/","url":"https:\/\/moeller-wedel-optical.com\/wp-content\/uploads\/cropped-android-chrome-192x192-1.png","contentUrl":"https:\/\/moeller-wedel-optical.com\/wp-content\/uploads\/cropped-android-chrome-192x192-1.png","width":512,"height":512,"caption":"M\u00f6ller-Wedel Optical"},"image":{"@id":"https:\/\/moeller-wedel-optical.com\/en\/#\/schema\/logo\/image\/"}}]}},"_links":{"self":[{"href":"https:\/\/moeller-wedel-optical.com\/en\/wp-json\/wp\/v2\/pages\/2850","targetHints":{"allow":["GET"]}}],"collection":[{"href":"https:\/\/moeller-wedel-optical.com\/en\/wp-json\/wp\/v2\/pages"}],"about":[{"href":"https:\/\/moeller-wedel-optical.com\/en\/wp-json\/wp\/v2\/types\/page"}],"author":[{"embeddable":true,"href":"https:\/\/moeller-wedel-optical.com\/en\/wp-json\/wp\/v2\/users\/2"}],"replies":[{"embeddable":true,"href":"https:\/\/moeller-wedel-optical.com\/en\/wp-json\/wp\/v2\/comments?post=2850"}],"version-history":[{"count":2,"href":"https:\/\/moeller-wedel-optical.com\/en\/wp-json\/wp\/v2\/pages\/2850\/revisions"}],"predecessor-version":[{"id":5282,"href":"https:\/\/moeller-wedel-optical.com\/en\/wp-json\/wp\/v2\/pages\/2850\/revisions\/5282"}],"up":[{"embeddable":true,"href":"https:\/\/moeller-wedel-optical.com\/en\/wp-json\/wp\/v2\/pages\/2839"}],"wp:featuredmedia":[{"embeddable":true,"href":"https:\/\/moeller-wedel-optical.com\/en\/wp-json\/wp\/v2\/media\/2238"}],"wp:attachment":[{"href":"https:\/\/moeller-wedel-optical.com\/en\/wp-json\/wp\/v2\/media?parent=2850"}],"curies":[{"name":"wp","href":"https:\/\/api.w.org\/{rel}","templated":true}]}}