{"id":2564,"date":"2023-03-03T15:26:13","date_gmt":"2023-03-03T15:26:13","guid":{"rendered":"https:\/\/moeller-wedel-optical.com\/company\/"},"modified":"2024-10-02T11:13:30","modified_gmt":"2024-10-02T11:13:30","slug":"company","status":"publish","type":"page","link":"https:\/\/moeller-wedel-optical.com\/en\/company\/","title":{"rendered":"Company"},"content":{"rendered":"<p>[et_pb_section fb_built=&#8221;1&#8243; _builder_version=&#8221;4.20.2&#8243; _module_preset=&#8221;default&#8221; global_colors_info=&#8221;{}&#8221;][et_pb_row _builder_version=&#8221;4.20.2&#8243; _module_preset=&#8221;default&#8221; global_colors_info=&#8221;{}&#8221;][et_pb_column type=&#8221;4_4&#8243; _builder_version=&#8221;4.20.2&#8243; _module_preset=&#8221;default&#8221; global_colors_info=&#8221;{}&#8221;][sm_header_image variant=&#8221;small&#8221; image=&#8221;https:\/\/moeller-wedel-optical.com\/wp-content\/uploads\/2023\/05\/Goniomat-mit-prisma-und-hand.jpg&#8221; title=&#8221;M\u00f6ller-Wedel Optical &#8221; text=&#8221;The Company&#8221; _builder_version=&#8221;4.22.1&#8243; _module_preset=&#8221;default&#8221; global_colors_info=&#8221;{}&#8221;][\/sm_header_image][\/et_pb_column][\/et_pb_row][\/et_pb_section][et_pb_section fb_built=&#8221;1&#8243; _builder_version=&#8221;4.20.2&#8243; _module_preset=&#8221;default&#8221; global_colors_info=&#8221;{}&#8221;][\/et_pb_section][et_pb_section fb_built=&#8221;1&#8243; _builder_version=&#8221;4.20.2&#8243; _module_preset=&#8221;default&#8221; global_colors_info=&#8221;{}&#8221;][et_pb_row _builder_version=&#8221;4.20.2&#8243; _module_preset=&#8221;default&#8221; global_colors_info=&#8221;{}&#8221;][et_pb_column type=&#8221;4_4&#8243; _builder_version=&#8221;4.20.2&#8243; _module_preset=&#8221;default&#8221; global_colors_info=&#8221;{}&#8221;][sm_image_text subheadline=&#8221;High Precision Optical Measuring Systems&#8221; headline=&#8221;Tradition and innovation&#8221; image=&#8221;https:\/\/moeller-wedel-optical.com\/wp-content\/uploads\/2023\/03\/DSC01021s.jpg&#8221; _builder_version=&#8221;4.23&#8243; _module_preset=&#8221;default&#8221; hover_enabled=&#8221;0&#8243; global_colors_info=&#8221;{}&#8221; sticky_enabled=&#8221;0&#8243;]<\/p>\n<p>M\u00f6ller-Wedel Optical GmbH, based in Wedel near Hamburg, Germany, is a global company that develops, manufactures and markets high-precision optical measuring systems for mechanical engineering, the automotive industry, the optical industry, the semiconductor industry, film camera service, and calibration and research laboratories. For more than 50 years, the company&#8217;s optical measuring instruments have enjoyed an excellent reputation worldwide for their quality and durability. M\u00f6ller-Wedel Optical is certified to DIN EN ISO 9001:2015. The team of experts in technical optics\/optoelectronics, optical metrology, physics and precision engineering is constantly working on new innovative products and solutions for customers&#8217; demanding measurement tasks. From research and development to production, M\u00f6ller-Wedel Optical combines the advantages of the latest technologies with traditional skills. This ensures the highest quality and precision.<\/p>\n<p>[\/sm_image_text][sm_image_text variant=&#8221;image-left&#8221; subheadline=&#8221;Optical Measurement Technology %22Made in Germany%22&#8243; headline=&#8221;From Wedel to the world&#8221; show_link=&#8221;on&#8221; link_text=&#8221;The worldwide agencies&#8221; link_url=&#8221;\/en\/agencies-worldwide\/&#8221; image=&#8221;https:\/\/moeller-wedel-optical.com\/wp-content\/uploads\/2023\/06\/Deutschlandkarte.png&#8221; _builder_version=&#8221;4.22.1&#8243; _module_preset=&#8221;default&#8221; global_colors_info=&#8221;{}&#8221;]<\/p>\n<p>M\u00f6ller-Wedel Optical GmbH offers optical measurement technology &#8220;Made in Germany&#8221; in more than 40 countries in Europe, Asia, Africa, America and Australia. <strong>We are world market leader in the field of micro-angle measurement technology<\/strong> and maintain a DAkkS accredited calibration laboratory (D-K-20592-01-00) according to DIN EN ISO\/IEC 17025:2018 for the dimensional measurand: angle &#8211; angle standards. Cooperation with sales partners all over the world ensures high quality service and targeted advice for our customers outside Germany. High-quality measuring instruments from M\u00f6ller-Wedel Optical are available almost everywhere in the world.<\/p>\n<p>[\/sm_image_text][\/et_pb_column][\/et_pb_row][\/et_pb_section][et_pb_section fb_built=&#8221;1&#8243; _builder_version=&#8221;4.20.2&#8243; _module_preset=&#8221;default&#8221; global_colors_info=&#8221;{}&#8221;][et_pb_row _builder_version=&#8221;4.20.2&#8243; _module_preset=&#8221;default&#8221; global_colors_info=&#8221;{}&#8221;][et_pb_column type=&#8221;4_4&#8243; _builder_version=&#8221;4.20.2&#8243; _module_preset=&#8221;default&#8221; global_colors_info=&#8221;{}&#8221;][sm_image_text subheadline=&#8221;Historical Heritage &#8221; headline=&#8221;Founded in 1864&#8243; show_link=&#8221;on&#8221; link_text=&#8221;More about the history of the company&#8221; link_url=&#8221;\/en\/history\/&#8221; image=&#8221;https:\/\/moeller-wedel-optical.com\/wp-content\/uploads\/2023\/04\/MWO-1919-scaled.jpg&#8221; caption=&#8221;The site in the rose garden in Wedel around 1919&#8243; _builder_version=&#8221;4.22.1&#8243; _module_preset=&#8221;default&#8221; global_colors_info=&#8221;{}&#8221;]<\/p>\n<p>The Wedel site has a special significance for the company. It was here, 160 years ago in 1864, that Johann Diedrich M\u00f6ller built his first microscope and founded his company, J.D. M\u00f6ller, which grew strongly over the decades and developed numerous optical and precision mechanical products and solutions. Business reorientations and changes in company law, as well as groundbreaking new products, have shaped the company to this day. In 1990, J.D.M\u00f6ller Optische Werke GmbH (later M\u00d6LLER-WEDEL GmbH) was integrated into the Haag-Streit Group, headquartered in K\u00f6niz, Switzerland, which still leads M\u00f6ller-Wedel Optical as part of METALL ZUG AG. With the aim of aggressively expanding the market position of M\u00f6ller measuring instruments, the company M\u00f6ller-Wedel Optical GmbH was founded as a subsidiary of M\u00f6ller-Wedel GmbH with effect from 01.01.2000.<\/p>\n<p>[\/sm_image_text][\/et_pb_column][\/et_pb_row][\/et_pb_section]<\/p>\n","protected":false},"excerpt":{"rendered":"<p><div class=\"et_pb_module sm_header_image sm_header_image_0\">\n\t\t\t\t\n\t\t\t\t\n\t\t\t\t\n\t\t\t\t\n\t\t\t\t\n\t\t\t\t\n\t\t\t\t<div class=\"et_pb_module_inner\">\n\t\t\t\t\t\n\t\t\t<div class=\"module module--fullwidth offset-top--no offset-bottom--md\">\n\t\t\t\t<div class=\"sm-header-image sm-header-image--small\">\n\t\t\t\t\t<div class=\"header-image__media\">\n\t\t\t\t\t\t<img decoding=\"async\" src=\"https:\/\/moeller-wedel-optical.com\/wp-content\/uploads\/2023\/05\/Goniomat-mit-prisma-und-hand.jpg\" alt=\"M\u00f6ller-Wedel Optical \" style=\"object-position: center center;\"\/>\n\t\t\t\t\t<\/div>\n\t\t\t\t\t<div class=\"header-image__content\">\n\t\t\t\t\t\t<div class=\"content__inner\">\n\t\t\t\t\t\t\t<h2 class=\"content__subtitle\">M\u00f6ller-Wedel Optical <\/h2>\n\t\t\t\t\t\t\t<h1 class=\"content__title\">The Company<\/h1> \n\t\t\t\t\t\t\t\n\t\t\t\t\t\t<\/div>\n\t\t\t\t\t<\/div>\n\t\t\t\t<\/div>\n\t\t\t<\/div>\n\t\t\t\t<\/div>\n\t\t\t<\/div><div class=\"et_pb_module sm_image_text sm_image_text_0\">\n\t\t\t\t\n\t\t\t\t\n\t\t\t\t\n\t\t\t\t\n\t\t\t\t\n\t\t\t\t\n\t\t\t\t<div class=\"et_pb_module_inner\">\n\t\t\t\t\t\n\t\t\t\t<div class=\"module module--boxed offset-top--no offset-bottom--md\" data-aos=\"fade-in\">\n\t\t\t\t\t<div class=\"sm-image-text sm-image-text--image-right sm-image-text--middle\">\n\t\t\t\t\t\t<div class=\"image-text__contentwrapper\">\n\t\t\t\t\t\t\t<div class=\"image-text__content\">\n\t\t\t\t\t\t\t\t<h3 class=\"content__subheadline\">High Precision Optical Measuring Systems<\/h3>\n\t\t\t\t\t\t\t\t<h2 class=\"content__headline\">Tradition and innovation<\/h2>\n\t\t\t\t\t\t\t\t\n\t\t\t\t\t\t\t\t\n\t\t\t\t\t\t\t\t\n\t\t\t\t\t\t\t<\/div>\n\t\t\t\t\t\t\t<div class=\"image-text__image\">\n\t\t\t\t\t\t\t\t<div class=\"image__wrapper  \">\n\t\t\t\t\t\t\t\t\t<img decoding=\"async\" class=\"image\" src=\"https:\/\/moeller-wedel-optical.com\/wp-content\/uploads\/2023\/03\/DSC01021s.jpg\" alt=\"animation image\">\n\t\t\t\t\t\t    <\/div>\n\t\t\t\t\t\t\t\t\n\t\t\t\t\t\t  <\/div>\n\t\t\t\t\t\t<\/div>\n\t\t\t\t\t<\/div>\n\t\t\t\t<\/div>\n\t\t\t\t<\/div>\n\t\t\t<\/div>M\u00f6ller-Wedel Optical GmbH, based in Wedel near Hamburg, Germany, is a global company that develops, manufactures and markets high-precision optical measuring systems for mechanical engineering, the automotive industry, the optical industry, [&hellip;]<\/p>\n","protected":false},"author":1,"featured_media":0,"parent":0,"menu_order":0,"comment_status":"closed","ping_status":"closed","template":"","meta":{"_et_pb_use_builder":"on","_et_pb_old_content":"","_et_gb_content_width":"","footnotes":""},"class_list":["post-2564","page","type-page","status-publish","hentry"],"yoast_head":"<!-- This site is optimized with the Yoast SEO plugin v27.5 - https:\/\/yoast.com\/product\/yoast-seo-wordpress\/ -->\n<title>Company - M\u00f6ller-Wedel Optical<\/title>\n<meta name=\"description\" content=\"We are a globally operating company based in Wedel near Hamburg that manufactures and sells high-precision optical measuring systems.\" \/>\n<meta name=\"robots\" content=\"index, follow, max-snippet:-1, max-image-preview:large, max-video-preview:-1\" \/>\n<link rel=\"canonical\" href=\"https:\/\/moeller-wedel-optical.com\/en\/company\/\" \/>\n<meta property=\"og:locale\" content=\"en_US\" \/>\n<meta property=\"og:type\" content=\"article\" \/>\n<meta property=\"og:title\" content=\"Company - M\u00f6ller-Wedel Optical\" \/>\n<meta property=\"og:description\" content=\"We are a globally operating company based in Wedel near Hamburg that manufactures and sells high-precision optical measuring systems.\" \/>\n<meta property=\"og:url\" content=\"https:\/\/moeller-wedel-optical.com\/en\/company\/\" \/>\n<meta property=\"og:site_name\" content=\"M\u00f6ller-Wedel Optical\" \/>\n<meta property=\"article:modified_time\" content=\"2024-10-02T11:13:30+00:00\" \/>\n<meta name=\"twitter:card\" content=\"summary_large_image\" \/>\n<meta name=\"twitter:label1\" content=\"Est. reading time\" \/>\n\t<meta name=\"twitter:data1\" content=\"3 minutes\" \/>\n<script type=\"application\/ld+json\" class=\"yoast-schema-graph\">{\"@context\":\"https:\\\/\\\/schema.org\",\"@graph\":[{\"@type\":\"WebPage\",\"@id\":\"https:\\\/\\\/moeller-wedel-optical.com\\\/en\\\/company\\\/\",\"url\":\"https:\\\/\\\/moeller-wedel-optical.com\\\/en\\\/company\\\/\",\"name\":\"Company - M\u00f6ller-Wedel Optical\",\"isPartOf\":{\"@id\":\"https:\\\/\\\/moeller-wedel-optical.com\\\/en\\\/#website\"},\"datePublished\":\"2023-03-03T15:26:13+00:00\",\"dateModified\":\"2024-10-02T11:13:30+00:00\",\"description\":\"We are a globally operating company based in Wedel near Hamburg that manufactures and sells high-precision optical measuring systems.\",\"breadcrumb\":{\"@id\":\"https:\\\/\\\/moeller-wedel-optical.com\\\/en\\\/company\\\/#breadcrumb\"},\"inLanguage\":\"en-US\",\"potentialAction\":[{\"@type\":\"ReadAction\",\"target\":[\"https:\\\/\\\/moeller-wedel-optical.com\\\/en\\\/company\\\/\"]}]},{\"@type\":\"BreadcrumbList\",\"@id\":\"https:\\\/\\\/moeller-wedel-optical.com\\\/en\\\/company\\\/#breadcrumb\",\"itemListElement\":[{\"@type\":\"ListItem\",\"position\":1,\"name\":\"Startseite\",\"item\":\"https:\\\/\\\/moeller-wedel-optical.com\\\/en\\\/\"},{\"@type\":\"ListItem\",\"position\":2,\"name\":\"Company\"}]},{\"@type\":\"WebSite\",\"@id\":\"https:\\\/\\\/moeller-wedel-optical.com\\\/en\\\/#website\",\"url\":\"https:\\\/\\\/moeller-wedel-optical.com\\\/en\\\/\",\"name\":\"M\u00f6ller-Wedel Optical\",\"description\":\"\",\"publisher\":{\"@id\":\"https:\\\/\\\/moeller-wedel-optical.com\\\/en\\\/#organization\"},\"potentialAction\":[{\"@type\":\"SearchAction\",\"target\":{\"@type\":\"EntryPoint\",\"urlTemplate\":\"https:\\\/\\\/moeller-wedel-optical.com\\\/en\\\/?s={search_term_string}\"},\"query-input\":{\"@type\":\"PropertyValueSpecification\",\"valueRequired\":true,\"valueName\":\"search_term_string\"}}],\"inLanguage\":\"en-US\"},{\"@type\":\"Organization\",\"@id\":\"https:\\\/\\\/moeller-wedel-optical.com\\\/en\\\/#organization\",\"name\":\"M\u00f6ller-Wedel Optical\",\"url\":\"https:\\\/\\\/moeller-wedel-optical.com\\\/en\\\/\",\"logo\":{\"@type\":\"ImageObject\",\"inLanguage\":\"en-US\",\"@id\":\"https:\\\/\\\/moeller-wedel-optical.com\\\/en\\\/#\\\/schema\\\/logo\\\/image\\\/\",\"url\":\"https:\\\/\\\/moeller-wedel-optical.com\\\/wp-content\\\/uploads\\\/cropped-android-chrome-192x192-1.png\",\"contentUrl\":\"https:\\\/\\\/moeller-wedel-optical.com\\\/wp-content\\\/uploads\\\/cropped-android-chrome-192x192-1.png\",\"width\":512,\"height\":512,\"caption\":\"M\u00f6ller-Wedel Optical\"},\"image\":{\"@id\":\"https:\\\/\\\/moeller-wedel-optical.com\\\/en\\\/#\\\/schema\\\/logo\\\/image\\\/\"}}]}<\/script>\n<!-- \/ Yoast SEO plugin. -->","yoast_head_json":{"title":"Company - M\u00f6ller-Wedel Optical","description":"We are a globally operating company based in Wedel near Hamburg that manufactures and sells high-precision optical measuring systems.","robots":{"index":"index","follow":"follow","max-snippet":"max-snippet:-1","max-image-preview":"max-image-preview:large","max-video-preview":"max-video-preview:-1"},"canonical":"https:\/\/moeller-wedel-optical.com\/en\/company\/","og_locale":"en_US","og_type":"article","og_title":"Company - M\u00f6ller-Wedel Optical","og_description":"We are a globally operating company based in Wedel near Hamburg that manufactures and sells high-precision optical measuring systems.","og_url":"https:\/\/moeller-wedel-optical.com\/en\/company\/","og_site_name":"M\u00f6ller-Wedel Optical","article_modified_time":"2024-10-02T11:13:30+00:00","twitter_card":"summary_large_image","twitter_misc":{"Est. reading time":"3 minutes"},"schema":{"@context":"https:\/\/schema.org","@graph":[{"@type":"WebPage","@id":"https:\/\/moeller-wedel-optical.com\/en\/company\/","url":"https:\/\/moeller-wedel-optical.com\/en\/company\/","name":"Company - M\u00f6ller-Wedel Optical","isPartOf":{"@id":"https:\/\/moeller-wedel-optical.com\/en\/#website"},"datePublished":"2023-03-03T15:26:13+00:00","dateModified":"2024-10-02T11:13:30+00:00","description":"We are a globally operating company based in Wedel near Hamburg that manufactures and sells high-precision optical measuring systems.","breadcrumb":{"@id":"https:\/\/moeller-wedel-optical.com\/en\/company\/#breadcrumb"},"inLanguage":"en-US","potentialAction":[{"@type":"ReadAction","target":["https:\/\/moeller-wedel-optical.com\/en\/company\/"]}]},{"@type":"BreadcrumbList","@id":"https:\/\/moeller-wedel-optical.com\/en\/company\/#breadcrumb","itemListElement":[{"@type":"ListItem","position":1,"name":"Startseite","item":"https:\/\/moeller-wedel-optical.com\/en\/"},{"@type":"ListItem","position":2,"name":"Company"}]},{"@type":"WebSite","@id":"https:\/\/moeller-wedel-optical.com\/en\/#website","url":"https:\/\/moeller-wedel-optical.com\/en\/","name":"M\u00f6ller-Wedel Optical","description":"","publisher":{"@id":"https:\/\/moeller-wedel-optical.com\/en\/#organization"},"potentialAction":[{"@type":"SearchAction","target":{"@type":"EntryPoint","urlTemplate":"https:\/\/moeller-wedel-optical.com\/en\/?s={search_term_string}"},"query-input":{"@type":"PropertyValueSpecification","valueRequired":true,"valueName":"search_term_string"}}],"inLanguage":"en-US"},{"@type":"Organization","@id":"https:\/\/moeller-wedel-optical.com\/en\/#organization","name":"M\u00f6ller-Wedel Optical","url":"https:\/\/moeller-wedel-optical.com\/en\/","logo":{"@type":"ImageObject","inLanguage":"en-US","@id":"https:\/\/moeller-wedel-optical.com\/en\/#\/schema\/logo\/image\/","url":"https:\/\/moeller-wedel-optical.com\/wp-content\/uploads\/cropped-android-chrome-192x192-1.png","contentUrl":"https:\/\/moeller-wedel-optical.com\/wp-content\/uploads\/cropped-android-chrome-192x192-1.png","width":512,"height":512,"caption":"M\u00f6ller-Wedel Optical"},"image":{"@id":"https:\/\/moeller-wedel-optical.com\/en\/#\/schema\/logo\/image\/"}}]}},"_links":{"self":[{"href":"https:\/\/moeller-wedel-optical.com\/en\/wp-json\/wp\/v2\/pages\/2564","targetHints":{"allow":["GET"]}}],"collection":[{"href":"https:\/\/moeller-wedel-optical.com\/en\/wp-json\/wp\/v2\/pages"}],"about":[{"href":"https:\/\/moeller-wedel-optical.com\/en\/wp-json\/wp\/v2\/types\/page"}],"author":[{"embeddable":true,"href":"https:\/\/moeller-wedel-optical.com\/en\/wp-json\/wp\/v2\/users\/1"}],"replies":[{"embeddable":true,"href":"https:\/\/moeller-wedel-optical.com\/en\/wp-json\/wp\/v2\/comments?post=2564"}],"version-history":[{"count":0,"href":"https:\/\/moeller-wedel-optical.com\/en\/wp-json\/wp\/v2\/pages\/2564\/revisions"}],"wp:attachment":[{"href":"https:\/\/moeller-wedel-optical.com\/en\/wp-json\/wp\/v2\/media?parent=2564"}],"curies":[{"name":"wp","href":"https:\/\/api.w.org\/{rel}","templated":true}]}}